{"id":91,"date":"2026-03-19T18:55:55","date_gmt":"2026-03-19T17:55:55","guid":{"rendered":"https:\/\/resoomer.com\/why-resoomer\/knowledge-base\/"},"modified":"2026-03-22T06:57:34","modified_gmt":"2026-03-22T05:57:34","slug":"knowledge-base","status":"publish","type":"page","link":"https:\/\/resoomer.com\/why-resoomer\/es\/","title":{"rendered":"Knowledge Base"},"content":{"rendered":"<p>\u00bfPor qu\u00e9 Resoomer? Empieza aqu\u00ed con una buena base. Encontrar\u00e1s art\u00edculos, gu\u00edas y recursos que te servir\u00e1n de ayuda.<\/p>\n","protected":false},"excerpt":{"rendered":"<p>\u00bfPor qu\u00e9 Resoomer? Empieza aqu\u00ed con una buena base. Encontrar\u00e1s art\u00edculos, gu\u00edas y recursos que te servir\u00e1n de ayuda.<\/p>\n","protected":false},"author":1,"featured_media":0,"parent":0,"menu_order":0,"comment_status":"closed","ping_status":"closed","template":"page-knowledgebase-two.php","meta":{"footnotes":""},"class_list":["post-91","page","type-page","status-publish","hentry"],"_links":{"self":[{"href":"https:\/\/resoomer.com\/why-resoomer\/es\/wp-json\/wp\/v2\/pages\/91","targetHints":{"allow":["GET"]}}],"collection":[{"href":"https:\/\/resoomer.com\/why-resoomer\/es\/wp-json\/wp\/v2\/pages"}],"about":[{"href":"https:\/\/resoomer.com\/why-resoomer\/es\/wp-json\/wp\/v2\/types\/page"}],"author":[{"embeddable":true,"href":"https:\/\/resoomer.com\/why-resoomer\/es\/wp-json\/wp\/v2\/users\/1"}],"replies":[{"embeddable":true,"href":"https:\/\/resoomer.com\/why-resoomer\/es\/wp-json\/wp\/v2\/comments?post=91"}],"version-history":[{"count":1,"href":"https:\/\/resoomer.com\/why-resoomer\/es\/wp-json\/wp\/v2\/pages\/91\/revisions"}],"predecessor-version":[{"id":92,"href":"https:\/\/resoomer.com\/why-resoomer\/es\/wp-json\/wp\/v2\/pages\/91\/revisions\/92"}],"wp:attachment":[{"href":"https:\/\/resoomer.com\/why-resoomer\/es\/wp-json\/wp\/v2\/media?parent=91"}],"curies":[{"name":"wp","href":"https:\/\/api.w.org\/{rel}","templated":true}]}}