{"id":75,"date":"2026-03-19T18:55:55","date_gmt":"2026-03-19T17:55:55","guid":{"rendered":"https:\/\/resoomer.com\/why-resoomer\/knowledge-base\/"},"modified":"2026-03-22T06:59:19","modified_gmt":"2026-03-22T05:59:19","slug":"knowledge-base","status":"publish","type":"page","link":"https:\/\/resoomer.com\/why-resoomer\/cs\/","title":{"rendered":"Knowledge Base"},"content":{"rendered":"<p>Pro\u010d Resoomer? Za\u010dn\u011bte zde se spr\u00e1vn\u00fdmi z\u00e1klady. Najdete zde \u010dl\u00e1nky, n\u00e1vody a zdroje, kter\u00e9 v\u00e1m pomohou.<\/p>\n","protected":false},"excerpt":{"rendered":"<p>Pro\u010d Resoomer? Za\u010dn\u011bte zde se spr\u00e1vn\u00fdmi z\u00e1klady. Najdete zde \u010dl\u00e1nky, n\u00e1vody a zdroje, kter\u00e9 v\u00e1m pomohou.<\/p>\n","protected":false},"author":1,"featured_media":0,"parent":0,"menu_order":0,"comment_status":"closed","ping_status":"closed","template":"page-knowledgebase-two.php","meta":{"footnotes":""},"class_list":["post-75","page","type-page","status-publish","hentry"],"_links":{"self":[{"href":"https:\/\/resoomer.com\/why-resoomer\/cs\/wp-json\/wp\/v2\/pages\/75","targetHints":{"allow":["GET"]}}],"collection":[{"href":"https:\/\/resoomer.com\/why-resoomer\/cs\/wp-json\/wp\/v2\/pages"}],"about":[{"href":"https:\/\/resoomer.com\/why-resoomer\/cs\/wp-json\/wp\/v2\/types\/page"}],"author":[{"embeddable":true,"href":"https:\/\/resoomer.com\/why-resoomer\/cs\/wp-json\/wp\/v2\/users\/1"}],"replies":[{"embeddable":true,"href":"https:\/\/resoomer.com\/why-resoomer\/cs\/wp-json\/wp\/v2\/comments?post=75"}],"version-history":[{"count":1,"href":"https:\/\/resoomer.com\/why-resoomer\/cs\/wp-json\/wp\/v2\/pages\/75\/revisions"}],"predecessor-version":[{"id":76,"href":"https:\/\/resoomer.com\/why-resoomer\/cs\/wp-json\/wp\/v2\/pages\/75\/revisions\/76"}],"wp:attachment":[{"href":"https:\/\/resoomer.com\/why-resoomer\/cs\/wp-json\/wp\/v2\/media?parent=75"}],"curies":[{"name":"wp","href":"https:\/\/api.w.org\/{rel}","templated":true}]}}